{"id":34,"date":"2023-12-08T11:24:26","date_gmt":"2023-12-08T11:24:26","guid":{"rendered":"https:\/\/foh2go.de\/howto\/?page_id=34"},"modified":"2026-01-15T15:19:05","modified_gmt":"2026-01-15T15:19:05","slug":"baraufbau","status":"publish","type":"page","link":"https:\/\/foh2go.de\/howto\/baraufbau\/","title":{"rendered":"Baraufbau"},"content":{"rendered":"\n<div class=\"wp-block-group alignwide has-global-padding is-layout-constrained wp-block-group-is-layout-constrained\">\n<h2 class=\"wp-block-heading alignwide has-xx-large-font-size\" style=\"line-height:1.2\"><em>Wir sind 15-20 Personen die am gleichen Ort arbeiten. Wir lieben es, wenn immer alles am Gleichen, Richtigen Ort ist&#8230; Hier findet ihr den Aufbau der Bars und die Best\u00fcckung mit Ware.<\/em><\/h2>\n<\/div>\n\n\n\n<p>Kurzer Hinweis: die Best\u00fcckung der Regale ist seit dem erstellen der Bilder leicht ver\u00e4ndert, ich werde die Bilder demn\u00e4chst aktualisieren. Noah, 15.01.2026.<\/p>\n\n\n\n<p><strong>Bar1<\/strong><\/p>\n\n\n\n<figure class=\"wp-block-image size-large is-resized\"><img loading=\"lazy\" decoding=\"async\" width=\"1024\" height=\"768\" src=\"https:\/\/foh2go.de\/wp-content\/uploads\/2023\/12\/IMG_4365-1024x768.jpg\" alt=\"\" class=\"wp-image-59\" style=\"width:887px;height:auto\" srcset=\"https:\/\/foh2go.de\/wp-content\/uploads\/2023\/12\/IMG_4365-1024x768.jpg 1024w, https:\/\/foh2go.de\/wp-content\/uploads\/2023\/12\/IMG_4365-300x225.jpg 300w, https:\/\/foh2go.de\/wp-content\/uploads\/2023\/12\/IMG_4365-768x576.jpg 768w, https:\/\/foh2go.de\/wp-content\/uploads\/2023\/12\/IMG_4365-1536x1152.jpg 1536w, https:\/\/foh2go.de\/wp-content\/uploads\/2023\/12\/IMG_4365-2048x1536.jpg 2048w\" sizes=\"auto, (max-width: 1024px) 100vw, 1024px\" \/><\/figure>\n\n\n\n<p>Aufbau Bar 1 am Wochenende (zwei Icebuckets)#<\/p>\n\n\n\n<figure class=\"wp-block-image size-large is-resized\"><img loading=\"lazy\" decoding=\"async\" width=\"1024\" height=\"768\" src=\"https:\/\/foh2go.de\/wp-content\/uploads\/2023\/12\/IMG_4367-1024x768.jpg\" alt=\"\" class=\"wp-image-61\" style=\"width:891px;height:auto\" srcset=\"https:\/\/foh2go.de\/wp-content\/uploads\/2023\/12\/IMG_4367-1024x768.jpg 1024w, https:\/\/foh2go.de\/wp-content\/uploads\/2023\/12\/IMG_4367-300x225.jpg 300w, https:\/\/foh2go.de\/wp-content\/uploads\/2023\/12\/IMG_4367-768x576.jpg 768w, https:\/\/foh2go.de\/wp-content\/uploads\/2023\/12\/IMG_4367-1536x1152.jpg 1536w, https:\/\/foh2go.de\/wp-content\/uploads\/2023\/12\/IMG_4367-2048x1536.jpg 2048w\" sizes=\"auto, (max-width: 1024px) 100vw, 1024px\" \/><\/figure>\n\n\n\n<figure class=\"wp-block-image size-large is-resized\"><img loading=\"lazy\" decoding=\"async\" width=\"1024\" height=\"768\" src=\"https:\/\/foh2go.de\/wp-content\/uploads\/2023\/12\/IMG_4366-1024x768.jpg\" alt=\"\" class=\"wp-image-60\" style=\"width:890px;height:auto\" srcset=\"https:\/\/foh2go.de\/wp-content\/uploads\/2023\/12\/IMG_4366-1024x768.jpg 1024w, https:\/\/foh2go.de\/wp-content\/uploads\/2023\/12\/IMG_4366-300x225.jpg 300w, https:\/\/foh2go.de\/wp-content\/uploads\/2023\/12\/IMG_4366-768x576.jpg 768w, https:\/\/foh2go.de\/wp-content\/uploads\/2023\/12\/IMG_4366-1536x1152.jpg 1536w, https:\/\/foh2go.de\/wp-content\/uploads\/2023\/12\/IMG_4366-2048x1536.jpg 2048w\" sizes=\"auto, (max-width: 1024px) 100vw, 1024px\" \/><\/figure>\n\n\n\n<figure class=\"wp-block-image size-full\"><img loading=\"lazy\" decoding=\"async\" width=\"1024\" height=\"768\" src=\"https:\/\/foh2go.de\/wp-content\/uploads\/2023\/12\/B1-Softkuehler-1024x768-1.jpg\" alt=\"\" class=\"wp-image-73\" srcset=\"https:\/\/foh2go.de\/wp-content\/uploads\/2023\/12\/B1-Softkuehler-1024x768-1.jpg 1024w, https:\/\/foh2go.de\/wp-content\/uploads\/2023\/12\/B1-Softkuehler-1024x768-1-300x225.jpg 300w, https:\/\/foh2go.de\/wp-content\/uploads\/2023\/12\/B1-Softkuehler-1024x768-1-768x576.jpg 768w\" sizes=\"auto, (max-width: 1024px) 100vw, 1024px\" \/><\/figure>\n\n\n\n<p>Softdrinks Bar1<\/p>\n\n\n\n<p><\/p>\n\n\n\n<p><\/p>\n\n\n\n<p><strong>Bar2<\/strong><\/p>\n\n\n\n<figure class=\"wp-block-image size-full\"><img loading=\"lazy\" decoding=\"async\" width=\"1024\" height=\"768\" src=\"https:\/\/foh2go.de\/wp-content\/uploads\/2023\/12\/B2vRueckbar-1024x768-1.jpg\" alt=\"\" class=\"wp-image-72\" srcset=\"https:\/\/foh2go.de\/wp-content\/uploads\/2023\/12\/B2vRueckbar-1024x768-1.jpg 1024w, https:\/\/foh2go.de\/wp-content\/uploads\/2023\/12\/B2vRueckbar-1024x768-1-300x225.jpg 300w, https:\/\/foh2go.de\/wp-content\/uploads\/2023\/12\/B2vRueckbar-1024x768-1-768x576.jpg 768w\" sizes=\"auto, (max-width: 1024px) 100vw, 1024px\" \/><\/figure>\n\n\n\n<figure class=\"wp-block-image size-full\"><img loading=\"lazy\" decoding=\"async\" width=\"768\" height=\"1024\" src=\"https:\/\/foh2go.de\/wp-content\/uploads\/2023\/12\/B2-Weinschublade-768x1024-1.jpg\" alt=\"\" class=\"wp-image-70\" srcset=\"https:\/\/foh2go.de\/wp-content\/uploads\/2023\/12\/B2-Weinschublade-768x1024-1.jpg 768w, https:\/\/foh2go.de\/wp-content\/uploads\/2023\/12\/B2-Weinschublade-768x1024-1-225x300.jpg 225w\" sizes=\"auto, (max-width: 768px) 100vw, 768px\" \/><\/figure>\n\n\n\n<figure class=\"wp-block-image size-full\"><img loading=\"lazy\" decoding=\"async\" width=\"768\" height=\"1024\" src=\"https:\/\/foh2go.de\/wp-content\/uploads\/2023\/12\/B2-Schnapskuehler-768x1024-1.jpg\" alt=\"\" class=\"wp-image-71\" srcset=\"https:\/\/foh2go.de\/wp-content\/uploads\/2023\/12\/B2-Schnapskuehler-768x1024-1.jpg 768w, https:\/\/foh2go.de\/wp-content\/uploads\/2023\/12\/B2-Schnapskuehler-768x1024-1-225x300.jpg 225w\" sizes=\"auto, (max-width: 768px) 100vw, 768px\" \/><\/figure>\n\n\n\n<p><\/p>\n\n\n\n<p><\/p>\n\n\n\n<p class=\"has-text-align-center\"><strong>Ausgie\u00dfer<\/strong><\/p>\n\n\n\n<p><\/p>\n\n\n\n<p>Silberne Ausgie\u00dfer f\u00fcr Vodka, Gin, Whisky, Rum, Aperol<br>Schwarze Ausgie\u00dfer: Pfeffi, Mexi, Limettensaft, Tequila und alles was direkt in Shotbecher gegossen wird.<\/p>\n\n\n\n<figure class=\"wp-block-image size-full\"><img loading=\"lazy\" decoding=\"async\" width=\"768\" height=\"1024\" src=\"https:\/\/foh2go.de\/wp-content\/uploads\/2023\/12\/Ausgiesser.jpg\" alt=\"\" class=\"wp-image-69\" srcset=\"https:\/\/foh2go.de\/wp-content\/uploads\/2023\/12\/Ausgiesser.jpg 768w, https:\/\/foh2go.de\/wp-content\/uploads\/2023\/12\/Ausgiesser-225x300.jpg 225w\" sizes=\"auto, (max-width: 768px) 100vw, 768px\" \/><\/figure>\n\n\n\n<p><\/p>\n\n\n\n<p><\/p>\n\n\n\n<p><\/p>\n\n\n\n<p><\/p>\n","protected":false},"excerpt":{"rendered":"<p>Wir sind 15-20 Personen die am gleichen Ort arbeiten. Wir lieben es, wenn immer alles am Gleichen, Richtigen Ort ist&#8230; Hier findet ihr den Aufbau der Bars und die Best\u00fcckung mit Ware. Kurzer Hinweis: die Best\u00fcckung der Regale ist seit dem erstellen der Bilder leicht ver\u00e4ndert, ich werde die Bilder demn\u00e4chst aktualisieren. Noah, 15.01.2026. Bar1 [&hellip;]<\/p>\n","protected":false},"author":1,"featured_media":0,"parent":0,"menu_order":0,"comment_status":"closed","ping_status":"closed","template":"","meta":{"footnotes":""},"class_list":["post-34","page","type-page","status-publish","hentry"],"_links":{"self":[{"href":"https:\/\/foh2go.de\/howto\/wp-json\/wp\/v2\/pages\/34","targetHints":{"allow":["GET"]}}],"collection":[{"href":"https:\/\/foh2go.de\/howto\/wp-json\/wp\/v2\/pages"}],"about":[{"href":"https:\/\/foh2go.de\/howto\/wp-json\/wp\/v2\/types\/page"}],"author":[{"embeddable":true,"href":"https:\/\/foh2go.de\/howto\/wp-json\/wp\/v2\/users\/1"}],"replies":[{"embeddable":true,"href":"https:\/\/foh2go.de\/howto\/wp-json\/wp\/v2\/comments?post=34"}],"version-history":[{"count":9,"href":"https:\/\/foh2go.de\/howto\/wp-json\/wp\/v2\/pages\/34\/revisions"}],"predecessor-version":[{"id":123,"href":"https:\/\/foh2go.de\/howto\/wp-json\/wp\/v2\/pages\/34\/revisions\/123"}],"wp:attachment":[{"href":"https:\/\/foh2go.de\/howto\/wp-json\/wp\/v2\/media?parent=34"}],"curies":[{"name":"wp","href":"https:\/\/api.w.org\/{rel}","templated":true}]}}